{"id":17,"date":"2012-09-19T14:54:06","date_gmt":"2012-09-19T14:54:06","guid":{"rendered":"http:\/\/netdinamica.com.br\/blog\/?page_id=17"},"modified":"2018-02-05T14:22:44","modified_gmt":"2018-02-05T17:22:44","slug":"sobre-netdinamica","status":"publish","type":"page","link":"https:\/\/www.boletofast.com.br\/blog\/sobre-netdinamica\/","title":{"rendered":"Sobre"},"content":{"rendered":"<h1 align=\"justify\">BoletoFast<\/h1>\n<p align=\"justify\">O BoletoFast \u00e9 software para gera\u00e7\u00e3o de boletos bancarios e gest\u00e3o financeira.<\/p>\n<h1>BoletoFast Condom\u00ednio<\/h1>\n<p>BoletoFast Condominio para gest\u00e3o financeira de condominios.<br \/>\nAtendendo desde o sindico de pequenos condominios, sindico profissional e administradoras de condominio.<\/p>\n<h1>Nosso Site<\/h1>\n<h2><a href=\"http:\/\/boletofast.com.br\" target=\"_blank\" rel=\"noopener\">WWW.BOLETOFAST.COM.BR<\/a><\/h2>\n","protected":false},"excerpt":{"rendered":"<p>BoletoFast O BoletoFast \u00e9 software para gera\u00e7\u00e3o de boletos bancarios e gest\u00e3o financeira. BoletoFast Condom\u00ednio BoletoFast Condominio para gest\u00e3o financeira de condominios. Atendendo desde o sindico de pequenos condominios, sindico profissional e administradoras de condominio. Nosso Site WWW.BOLETOFAST.COM.BR<\/p>\n","protected":false},"author":1,"featured_media":0,"parent":0,"menu_order":0,"comment_status":"open","ping_status":"open","template":"","meta":[],"yst_prominent_words":[],"_links":{"self":[{"href":"https:\/\/www.boletofast.com.br\/blog\/wp-json\/wp\/v2\/pages\/17"}],"collection":[{"href":"https:\/\/www.boletofast.com.br\/blog\/wp-json\/wp\/v2\/pages"}],"about":[{"href":"https:\/\/www.boletofast.com.br\/blog\/wp-json\/wp\/v2\/types\/page"}],"author":[{"embeddable":true,"href":"https:\/\/www.boletofast.com.br\/blog\/wp-json\/wp\/v2\/users\/1"}],"replies":[{"embeddable":true,"href":"https:\/\/www.boletofast.com.br\/blog\/wp-json\/wp\/v2\/comments?post=17"}],"version-history":[{"count":0,"href":"https:\/\/www.boletofast.com.br\/blog\/wp-json\/wp\/v2\/pages\/17\/revisions"}],"wp:attachment":[{"href":"https:\/\/www.boletofast.com.br\/blog\/wp-json\/wp\/v2\/media?parent=17"}],"wp:term":[{"taxonomy":"yst_prominent_words","embeddable":true,"href":"https:\/\/www.boletofast.com.br\/blog\/wp-json\/wp\/v2\/yst_prominent_words?post=17"}],"curies":[{"name":"wp","href":"https:\/\/api.w.org\/{rel}","templated":true}]}}